{"id":1168,"date":"2026-01-26T07:06:45","date_gmt":"2026-01-26T13:06:45","guid":{"rendered":"https:\/\/rfch.bvs.hn\/?page_id=1168"},"modified":"2026-04-08T10:15:55","modified_gmt":"2026-04-08T16:15:55","slug":"1168-2","status":"publish","type":"page","link":"https:\/\/rfch.bvs.hn\/","title":{"rendered":"P\u00e1g Inicio"},"content":{"rendered":"\t\t<div data-elementor-type=\"wp-post\" data-elementor-id=\"1168\" class=\"elementor elementor-1168\">\n\t\t\t\t<div class=\"elementor-element elementor-element-8df4649 e-grid e-con-full e-con e-parent\" data-id=\"8df4649\" data-element_type=\"container\">\n\t\t<div class=\"elementor-element elementor-element-6b0e32d e-flex e-con-boxed e-con e-child\" data-id=\"6b0e32d\" data-element_type=\"container\">\n\t\t\t\t\t<div class=\"e-con-inner\">\n\t\t\t\t<div class=\"elementor-element elementor-element-57ec02f elementor-widget elementor-widget-heading\" data-id=\"57ec02f\" data-element_type=\"widget\" data-widget_type=\"heading.default\">\n\t\t\t\t\t<h1 class=\"elementor-heading-title elementor-size-default\">ACERCA DE LA REVISTA<\/h1>\t\t\t\t<\/div>\n\t\t\t\t<div class=\"elementor-element elementor-element-6fe0d4a elementor-widget elementor-widget-text-editor\" data-id=\"6fe0d4a\" data-element_type=\"widget\" data-widget_type=\"text-editor.default\">\n\t\t\t\t\t\t\t\t\t<p><em>ISSN Digital 2413-1067<\/em><\/p><p><em>ISSN Impreso 2412-8058<\/em><\/p><p><em>Direcci\u00f3n de Medicina Forense, Ministerio P\u00fablico de Honduras;<\/em><\/p><p><em>Col. Quezada, atr\u00e1s de la Facultad de Ciencias Medicas de la UNAH.<\/em><\/p>\t\t\t\t\t\t\t\t<\/div>\n\t\t\t\t<div class=\"elementor-element elementor-element-e0646bb elementor-widget elementor-widget-text-editor\" data-id=\"e0646bb\" data-element_type=\"widget\" data-widget_type=\"text-editor.default\">\n\t\t\t\t\t\t\t\t\t<p>La Revista de Ciencias Forenses de Honduras (RCFH) es el \u00f3rgano de difusi\u00f3n t\u00e9cnico-cient\u00edfico de la Direcci\u00f3n de Medicina Forense del Ministerio P\u00fablico de Honduras; de la comunidad forense nacional e internacional, con un enfoque multidisciplinario e intersectorial, con alcance nacional e internacional.<\/p>\t\t\t\t\t\t\t\t<\/div>\n\t\t<div class=\"elementor-element elementor-element-5999d5a e-grid e-con-full e-con e-child\" data-id=\"5999d5a\" data-element_type=\"container\">\n\t\t\t\t<div class=\"elementor-element elementor-element-4f5aa9e elementor-widget elementor-widget-image\" data-id=\"4f5aa9e\" data-element_type=\"widget\" data-widget_type=\"image.default\">\n\t\t\t\t\t\t\t\t\t\t\t\t\t\t\t<img decoding=\"async\" src=\"https:\/\/rfch.bvs.hn\/wp-content\/uploads\/2026\/01\/Imagotipo_Ministerio_Publico_Honduras.svg_-scaled.png\" title=\"Imagotipo_Ministerio_Pu\u0301blico_Honduras.svg\" alt=\"Imagotipo_Ministerio_Pu\u0301blico_Honduras.svg\" loading=\"lazy\" \/>\t\t\t\t\t\t\t\t\t\t\t\t\t\t\t<\/div>\n\t\t\t\t<div class=\"elementor-element elementor-element-5e78089 elementor-widget elementor-widget-image\" data-id=\"5e78089\" data-element_type=\"widget\" data-widget_type=\"image.default\">\n\t\t\t\t\t\t\t\t\t\t\t\t\t\t\t<img decoding=\"async\" src=\"https:\/\/rfch.bvs.hn\/wp-content\/uploads\/2026\/01\/CAMBIOS-EN-TEXTO-RCFH-PARA-ASTRID1-1.png\" title=\"CAMBIOS EN TEXTO RCFH PARA ASTRID(1)-1\" alt=\"CAMBIOS EN TEXTO RCFH PARA ASTRID(1)-1\" loading=\"lazy\" \/>\t\t\t\t\t\t\t\t\t\t\t\t\t\t\t<\/div>\n\t\t\t\t<\/div>\n\t\t\t\t\t<\/div>\n\t\t\t\t<\/div>\n\t\t\t\t<div class=\"elementor-element elementor-element-01a9e35 elementor-widget elementor-widget-wp-widget-newsup_latest_post\" data-id=\"01a9e35\" data-element_type=\"widget\" data-widget_type=\"wp-widget-newsup_latest_post.default\">\n\t\t\t\t<div class=\"elementor-widget-container\">\n\t\t\t\t\t             <!-- mg-posts-sec mg-posts-modul-6 -->\r\n            <div class=\"mg-posts-sec mg-posts-modul-6 latest-posts-widget\">\r\n                                <!-- mg-sec-title -->\r\n                <div class=\"mg-sec-title\">\r\n                    <h4>\u00daltimo volumen<\/h4>\r\n                <\/div>\r\n                <!-- \/\/ mg-sec-title -->\r\n                                \r\n                                <!-- mg-posts-sec-inner -->\r\n                <div class=\"mg-posts-sec-inner\">\r\n                                            <article class=\"d-md-flex mg-posts-sec-post\">\r\n                                    <div class=\"col-12 col-md-6\">\r\n                <div class=\"mg-post-thumb img\">\r\n        <a href=\"https:\/\/rfch.bvs.hn\/?p=1607\"><img fetchpriority=\"high\" decoding=\"async\" width=\"612\" height=\"792\" src=\"https:\/\/rfch.bvs.hn\/wp-content\/uploads\/2026\/05\/RCFH11-2-2025.jpg\" class=\"img-responsive wp-post-image\" alt=\"\" srcset=\"https:\/\/rfch.bvs.hn\/wp-content\/uploads\/2026\/05\/RCFH11-2-2025.jpg 612w, https:\/\/rfch.bvs.hn\/wp-content\/uploads\/2026\/05\/RCFH11-2-2025-193x250.jpg 193w\" sizes=\"(max-width: 612px) 100vw, 612px\" \/><\/a>            <span class=\"post-form\"><i class=\"fas fa-camera\"><\/i><\/span>                <\/div>\r\n        <\/div>                             <div class=\"mg-sec-top-post py-3 col\">\r\n                                <div class=\"mg-blog-category\"><a class=\"newsup-categories category-color-2\" href=\"https:\/\/rfch.bvs.hn\/?cat=8\" alt=\"Ver todas las entradas en \u00daltimo Volumen\"> \r\n                                 \u00daltimo Volumen\r\n                             <\/a><\/div> \r\n                                <h4 class=\"title\"><a href=\"https:\/\/rfch.bvs.hn\/?p=1607\">Vol. 11, No.2, 2025<\/a><\/h4>\r\n                                        <div class=\"mg-blog-meta\"> \r\n                    <span class=\"mg-blog-date\"><i class=\"fas fa-clock\"><\/i>\r\n            <a href=\"https:\/\/rfch.bvs.hn\/?m=202605\">\r\n                11 de mayo de 2026            <\/a>\r\n        <\/span>\r\n            <a class=\"auth\" href=\"https:\/\/rfch.bvs.hn\/?author=1\">\r\n            <i class=\"fas fa-user-circle\"><\/i>admin        <\/a>\r\n            <\/div> \r\n                                <\/div>\r\n                        <\/article>\r\n                                            <article class=\"d-md-flex mg-posts-sec-post\">\r\n                                    <div class=\"col-12 col-md-6\">\r\n                <div class=\"mg-post-thumb img\">\r\n        <a href=\"https:\/\/rfch.bvs.hn\/?p=1139\"><img decoding=\"async\" width=\"1700\" height=\"2200\" src=\"https:\/\/rfch.bvs.hn\/wp-content\/uploads\/2025\/12\/RCFH11-S-2025.jpg\" class=\"img-responsive wp-post-image\" alt=\"\" srcset=\"https:\/\/rfch.bvs.hn\/wp-content\/uploads\/2025\/12\/RCFH11-S-2025.jpg 1700w, https:\/\/rfch.bvs.hn\/wp-content\/uploads\/2025\/12\/RCFH11-S-2025-232x300.jpg 232w, https:\/\/rfch.bvs.hn\/wp-content\/uploads\/2025\/12\/RCFH11-S-2025-791x1024.jpg 791w, https:\/\/rfch.bvs.hn\/wp-content\/uploads\/2025\/12\/RCFH11-S-2025-768x994.jpg 768w, https:\/\/rfch.bvs.hn\/wp-content\/uploads\/2025\/12\/RCFH11-S-2025-1187x1536.jpg 1187w, https:\/\/rfch.bvs.hn\/wp-content\/uploads\/2025\/12\/RCFH11-S-2025-1583x2048.jpg 1583w\" sizes=\"(max-width: 1700px) 100vw, 1700px\" \/><\/a>            <span class=\"post-form\"><i class=\"fas fa-camera\"><\/i><\/span>                <\/div>\r\n        <\/div>                             <div class=\"mg-sec-top-post py-3 col\">\r\n                                <div class=\"mg-blog-category\"><a class=\"newsup-categories category-color-2\" href=\"https:\/\/rfch.bvs.hn\/?cat=8\" alt=\"Ver todas las entradas en \u00daltimo Volumen\"> \r\n                                 \u00daltimo Volumen\r\n                             <\/a><a class=\"newsup-categories category-color-1\" href=\"https:\/\/rfch.bvs.hn\/?cat=6\" alt=\"Ver todas las entradas en Vol\u00famenes Previos\"> \r\n                                 Vol\u00famenes Previos\r\n                             <\/a><\/div> \r\n                                <h4 class=\"title\"><a href=\"https:\/\/rfch.bvs.hn\/?p=1139\">Suplemento N\u00b01.Vol11, N1, 2025<\/a><\/h4>\r\n                                        <div class=\"mg-blog-meta\"> \r\n                    <span class=\"mg-blog-date\"><i class=\"fas fa-clock\"><\/i>\r\n            <a href=\"https:\/\/rfch.bvs.hn\/?m=202512\">\r\n                10 de diciembre de 2025            <\/a>\r\n        <\/span>\r\n            <a class=\"auth\" href=\"https:\/\/rfch.bvs.hn\/?author=1\">\r\n            <i class=\"fas fa-user-circle\"><\/i>admin        <\/a>\r\n            <\/div> \r\n                                <\/div>\r\n                        <\/article>\r\n                                                    <\/div> <!-- \/\/ mg-posts-sec-inner -->\r\n            <\/div> <!-- \/\/ mg-posts-sec block_6 -->\r\n            \t\t\t\t<\/div>\n\t\t\t\t<\/div>\n\t\t\t\t<\/div>\n\t\t<div class=\"elementor-element elementor-element-361d85f e-flex e-con-boxed e-con e-parent\" data-id=\"361d85f\" data-element_type=\"container\" data-settings=\"{&quot;background_background&quot;:&quot;classic&quot;}\">\n\t\t\t\t\t<div class=\"e-con-inner\">\n\t\t<div class=\"elementor-element elementor-element-dc3ff57 e-con-full e-flex e-con e-child\" data-id=\"dc3ff57\" data-element_type=\"container\">\n\t\t<div class=\"elementor-element elementor-element-a7b60b2 e-con-full e-flex e-con e-child\" data-id=\"a7b60b2\" data-element_type=\"container\">\n\t\t\t\t<div class=\"elementor-element elementor-element-25038a2 elementor-widget elementor-widget-spacer\" data-id=\"25038a2\" data-element_type=\"widget\" data-widget_type=\"spacer.default\">\n\t\t\t\t\t\t\t<div class=\"elementor-spacer\">\n\t\t\t<div class=\"elementor-spacer-inner\"><\/div>\n\t\t<\/div>\n\t\t\t\t\t\t<\/div>\n\t\t\t\t<div class=\"elementor-element elementor-element-c01cae3 elementor-widget elementor-widget-text-editor\" data-id=\"c01cae3\" data-element_type=\"widget\" data-widget_type=\"text-editor.default\">\n\t\t\t\t\t\t\t\t\t<h5 style=\"text-align: center;\"><span style=\"text-decoration: underline;\">revistacienciasforenseshnd@gmail.com<\/span><\/h5><h5 style=\"text-align: center;\"><span style=\"text-decoration: underline;\">rcfh.medfor@mail.mp.hn<\/span><\/h5>\t\t\t\t\t\t\t\t<\/div>\n\t\t\t\t<div class=\"elementor-element elementor-element-30bd4b0 elementor-widget elementor-widget-text-editor\" data-id=\"30bd4b0\" data-element_type=\"widget\" data-widget_type=\"text-editor.default\">\n\t\t\t\t\t\t\t\t\t<div style=\"text-align: center;\">Los trabajos sometidos a la RCFH son revisados de manera imparcial por un equipo de expertos y son sometidos a revisi\u00f3n abierta, por pares externos. Su frecuencia de publicaci\u00f3n es semestral (junio y diciembre), pero recibe art\u00edculos todo el a\u00f1o. Es de acceso libre y es signataria de DORA: https:\/\/sfdora.org\/signers\/. La RCFH NO realiza ning\u00fan tipo de cobro por procesamiento de los art\u00edculos o publicaci\u00f3n, no cobra por publicidad y todo su contenido est\u00e1 a disposici\u00f3n de manera gratuita, bajo los t\u00e9rminos de una licencia \u00abCreative Commons\u201d. Atribuci\u00f3n-No Comercial 4.0 Internacional (CC BY-NC 4.0)\u00bb, https:\/\/creativecommons.org\/licenses\/by- nc\/4.0\/deed.es , que permite al autor mantener los derechos patrimoniales sin restricciones.<\/div><div>\u00a0<\/div><div style=\"text-align: center;\"><strong>Directora: Dra. Mireya M. Matamoros Zelaya.<\/strong><\/div><div style=\"text-align: center;\"><span style=\"text-decoration: underline;\"><a href=\"https:\/\/orcid.org\/0000-0002-4082-7593\"><strong>https:\/\/orcid.org\/0000-0002-4082-7593<\/strong><\/a><\/span><\/div><div style=\"text-align: center;\"><strong> Ministerio P\u00fablico, <\/strong><strong>Direcci\u00f3n de Medicina Forense, Unidad de Investigaci\u00f3n y Docencia; Tegucigalpa, Honduras.<\/strong><\/div><div style=\"text-align: center;\"><span style=\"text-decoration: underline;\">\u00a0<\/span><\/div>\t\t\t\t\t\t\t\t<\/div>\n\t\t\t\t<div class=\"elementor-element elementor-element-8123288 elementor-widget elementor-widget-spacer\" data-id=\"8123288\" data-element_type=\"widget\" data-widget_type=\"spacer.default\">\n\t\t\t\t\t\t\t<div class=\"elementor-spacer\">\n\t\t\t<div class=\"elementor-spacer-inner\"><\/div>\n\t\t<\/div>\n\t\t\t\t\t\t<\/div>\n\t\t\t\t<\/div>\n\t\t\t\t<\/div>\n\t\t\t\t\t<\/div>\n\t\t\t\t<\/div>\n\t\t<div class=\"elementor-element elementor-element-4276bf0 e-con-full e-flex e-con e-parent\" data-id=\"4276bf0\" data-element_type=\"container\" data-settings=\"{&quot;background_background&quot;:&quot;classic&quot;}\">\n\t\t<div class=\"elementor-element elementor-element-388cd60 e-con-full e-flex e-con e-child\" data-id=\"388cd60\" data-element_type=\"container\">\n\t\t\t\t<div class=\"elementor-element elementor-element-bedb95c elementor-widget elementor-widget-spacer\" data-id=\"bedb95c\" data-element_type=\"widget\" data-widget_type=\"spacer.default\">\n\t\t\t\t\t\t\t<div class=\"elementor-spacer\">\n\t\t\t<div class=\"elementor-spacer-inner\"><\/div>\n\t\t<\/div>\n\t\t\t\t\t\t<\/div>\n\t\t\t\t<div class=\"elementor-element elementor-element-08682d1 elementor-widget elementor-widget-heading\" data-id=\"08682d1\" data-element_type=\"widget\" data-widget_type=\"heading.default\">\n\t\t\t\t\t<h1 class=\"elementor-heading-title elementor-size-default\">INDEXACIONES<\/h1>\t\t\t\t<\/div>\n\t\t\t\t<div class=\"elementor-element elementor-element-9ca9e45 elementor-widget__width-inherit elementor-widget-divider--view-line elementor-widget elementor-widget-divider\" data-id=\"9ca9e45\" data-element_type=\"widget\" data-widget_type=\"divider.default\">\n\t\t\t\t\t\t\t<div class=\"elementor-divider\">\n\t\t\t<span class=\"elementor-divider-separator\">\n\t\t\t\t\t\t<\/span>\n\t\t<\/div>\n\t\t\t\t\t\t<\/div>\n\t\t\t\t<div class=\"elementor-element elementor-element-a7d7966 elementor-widget__width-inherit elementor-widget elementor-widget-image-carousel\" data-id=\"a7d7966\" data-element_type=\"widget\" data-settings=\"{&quot;navigation&quot;:&quot;none&quot;,&quot;image_spacing_custom&quot;:{&quot;unit&quot;:&quot;px&quot;,&quot;size&quot;:73,&quot;sizes&quot;:[]},&quot;slides_to_show&quot;:&quot;4&quot;,&quot;autoplay_speed&quot;:800,&quot;speed&quot;:800,&quot;lazyload&quot;:&quot;yes&quot;,&quot;autoplay&quot;:&quot;yes&quot;,&quot;infinite&quot;:&quot;yes&quot;,&quot;image_spacing_custom_tablet&quot;:{&quot;unit&quot;:&quot;px&quot;,&quot;size&quot;:&quot;&quot;,&quot;sizes&quot;:[]},&quot;image_spacing_custom_mobile&quot;:{&quot;unit&quot;:&quot;px&quot;,&quot;size&quot;:&quot;&quot;,&quot;sizes&quot;:[]}}\" data-widget_type=\"image-carousel.default\">\n\t\t\t\t\t\t\t<div class=\"elementor-image-carousel-wrapper swiper\" role=\"region\" aria-roledescription=\"carousel\" aria-label=\"Image Carousel\" dir=\"ltr\">\n\t\t\t<div class=\"elementor-image-carousel swiper-wrapper\" aria-live=\"off\">\n\t\t\t\t\t\t\t\t<div class=\"swiper-slide\" role=\"group\" aria-roledescription=\"slide\" aria-label=\"1 de 18\"><figure class=\"swiper-slide-inner\"><img class=\"swiper-slide-image swiper-lazy\" data-src=\"https:\/\/rfch.bvs.hn\/wp-content\/uploads\/2026\/01\/DOAJ_logo-colour.svg_-768x249.png\" alt=\"DOAJ_logo-colour.svg\" \/><div class=\"swiper-lazy-preloader\"><\/div><\/figure><\/div><div class=\"swiper-slide\" role=\"group\" aria-roledescription=\"slide\" aria-label=\"2 de 18\"><figure class=\"swiper-slide-inner\"><img class=\"swiper-slide-image swiper-lazy\" data-src=\"https:\/\/rfch.bvs.hn\/wp-content\/uploads\/2026\/01\/LATINDEX-768x384.png\" alt=\"LATINDEX\" \/><div class=\"swiper-lazy-preloader\"><\/div><\/figure><\/div><div class=\"swiper-slide\" role=\"group\" aria-roledescription=\"slide\" aria-label=\"3 de 18\"><figure class=\"swiper-slide-inner\"><img class=\"swiper-slide-image swiper-lazy\" data-src=\"https:\/\/rfch.bvs.hn\/wp-content\/uploads\/2026\/01\/US-NLM-PubMed-Logo.svg_-768x274.png\" alt=\"US-NLM-PubMed-Logo.svg\" \/><div class=\"swiper-lazy-preloader\"><\/div><\/figure><\/div><div class=\"swiper-slide\" role=\"group\" aria-roledescription=\"slide\" aria-label=\"4 de 18\"><figure class=\"swiper-slide-inner\"><img class=\"swiper-slide-image swiper-lazy\" data-src=\"https:\/\/rfch.bvs.hn\/wp-content\/uploads\/2026\/03\/Captura-de-Pantalla-2026-03-19-a-las-22.14.43-768x283.png\" alt=\"CAMJOL\" \/><div class=\"swiper-lazy-preloader\"><\/div><\/figure><\/div><div class=\"swiper-slide\" role=\"group\" aria-roledescription=\"slide\" aria-label=\"5 de 18\"><figure class=\"swiper-slide-inner\"><img class=\"swiper-slide-image swiper-lazy\" data-src=\"https:\/\/rfch.bvs.hn\/wp-content\/uploads\/2026\/03\/lilacs_logo_pt.png\" alt=\"lilacs_logo_pt\" \/><div class=\"swiper-lazy-preloader\"><\/div><\/figure><\/div><div class=\"swiper-slide\" role=\"group\" aria-roledescription=\"slide\" aria-label=\"6 de 18\"><figure class=\"swiper-slide-inner\"><img class=\"swiper-slide-image swiper-lazy\" data-src=\"https:\/\/rfch.bvs.hn\/wp-content\/uploads\/2026\/03\/REDIB_Logo-768x133.png\" alt=\"REDIB_Logo\" \/><div class=\"swiper-lazy-preloader\"><\/div><\/figure><\/div><div class=\"swiper-slide\" role=\"group\" aria-roledescription=\"slide\" aria-label=\"7 de 18\"><figure class=\"swiper-slide-inner\"><img class=\"swiper-slide-image swiper-lazy\" data-src=\"https:\/\/rfch.bvs.hn\/wp-content\/uploads\/2026\/01\/crossref-logo-006-768x264.png\" alt=\"crossref-logo-006\" \/><div class=\"swiper-lazy-preloader\"><\/div><\/figure><\/div><div class=\"swiper-slide\" role=\"group\" aria-roledescription=\"slide\" aria-label=\"8 de 18\"><figure class=\"swiper-slide-inner\"><img class=\"swiper-slide-image swiper-lazy\" data-src=\"https:\/\/rfch.bvs.hn\/wp-content\/uploads\/2026\/01\/logo-ezb-f.png\" alt=\"logo-ezb--f\" \/><div class=\"swiper-lazy-preloader\"><\/div><\/figure><\/div><div class=\"swiper-slide\" role=\"group\" aria-roledescription=\"slide\" aria-label=\"9 de 18\"><figure class=\"swiper-slide-inner\"><img class=\"swiper-slide-image swiper-lazy\" data-src=\"https:\/\/rfch.bvs.hn\/wp-content\/uploads\/2026\/01\/descarga.png\" alt=\"descarga\" \/><div class=\"swiper-lazy-preloader\"><\/div><\/figure><\/div><div class=\"swiper-slide\" role=\"group\" aria-roledescription=\"slide\" aria-label=\"10 de 18\"><figure class=\"swiper-slide-inner\"><img class=\"swiper-slide-image swiper-lazy\" data-src=\"https:\/\/rfch.bvs.hn\/wp-content\/uploads\/2026\/01\/OpenAlex-logo-5.2de7053c.png\" alt=\"OpenAlex-logo-5.2de7053c\" \/><div class=\"swiper-lazy-preloader\"><\/div><\/figure><\/div><div class=\"swiper-slide\" role=\"group\" aria-roledescription=\"slide\" aria-label=\"11 de 18\"><figure class=\"swiper-slide-inner\"><img class=\"swiper-slide-image swiper-lazy\" data-src=\"https:\/\/rfch.bvs.hn\/wp-content\/uploads\/2026\/03\/science-768x192.jpg\" alt=\"science\" \/><div class=\"swiper-lazy-preloader\"><\/div><\/figure><\/div><div class=\"swiper-slide\" role=\"group\" aria-roledescription=\"slide\" aria-label=\"12 de 18\"><figure class=\"swiper-slide-inner\"><img class=\"swiper-slide-image swiper-lazy\" data-src=\"https:\/\/rfch.bvs.hn\/wp-content\/uploads\/2026\/01\/630-6309883_member-in-scilit-logo-768x270.png\" alt=\"630-6309883_member-in-scilit-logo\" \/><div class=\"swiper-lazy-preloader\"><\/div><\/figure><\/div><div class=\"swiper-slide\" role=\"group\" aria-roledescription=\"slide\" aria-label=\"13 de 18\"><figure class=\"swiper-slide-inner\"><img class=\"swiper-slide-image swiper-lazy\" data-src=\"https:\/\/rfch.bvs.hn\/wp-content\/uploads\/2026\/01\/signatory-of-dora-logo-768x277.png\" alt=\"signatory-of-dora-logo\" \/><div class=\"swiper-lazy-preloader\"><\/div><\/figure><\/div><div class=\"swiper-slide\" role=\"group\" aria-roledescription=\"slide\" aria-label=\"14 de 18\"><figure class=\"swiper-slide-inner\"><img class=\"swiper-slide-image swiper-lazy\" data-src=\"https:\/\/rfch.bvs.hn\/wp-content\/uploads\/2026\/01\/logo-road-issn-4331074c4f91ccb191f92a1600a340bc.png\" alt=\"logo-road-issn-4331074c4f91ccb191f92a1600a340bc\" \/><div class=\"swiper-lazy-preloader\"><\/div><\/figure><\/div><div class=\"swiper-slide\" role=\"group\" aria-roledescription=\"slide\" aria-label=\"15 de 18\"><figure class=\"swiper-slide-inner\"><img class=\"swiper-slide-image swiper-lazy\" data-src=\"https:\/\/rfch.bvs.hn\/wp-content\/uploads\/2026\/01\/Google_Scholar_logo.png\" alt=\"Google_Scholar_logo\" \/><div class=\"swiper-lazy-preloader\"><\/div><\/figure><\/div><div class=\"swiper-slide\" role=\"group\" aria-roledescription=\"slide\" aria-label=\"16 de 18\"><figure class=\"swiper-slide-inner\"><img class=\"swiper-slide-image swiper-lazy\" data-src=\"https:\/\/rfch.bvs.hn\/wp-content\/uploads\/2026\/01\/images.png\" alt=\"images\" \/><div class=\"swiper-lazy-preloader\"><\/div><\/figure><\/div><div class=\"swiper-slide\" role=\"group\" aria-roledescription=\"slide\" aria-label=\"17 de 18\"><figure class=\"swiper-slide-inner\"><img class=\"swiper-slide-image swiper-lazy\" data-src=\"https:\/\/rfch.bvs.hn\/wp-content\/uploads\/2026\/01\/Logo-R4L-3.png\" alt=\"Logo-R4L-3\" \/><div class=\"swiper-lazy-preloader\"><\/div><\/figure><\/div><div class=\"swiper-slide\" role=\"group\" aria-roledescription=\"slide\" aria-label=\"18 de 18\"><figure class=\"swiper-slide-inner\"><img class=\"swiper-slide-image swiper-lazy\" data-src=\"https:\/\/rfch.bvs.hn\/wp-content\/uploads\/2026\/01\/VPl-MC-VPL-Logo-stacked-rgb-2021-png-file-768x487.png\" alt=\"VPl-MC-VPL-Logo-stacked-rgb-2021-png-file\" \/><div class=\"swiper-lazy-preloader\"><\/div><\/figure><\/div>\t\t\t<\/div>\n\t\t\t\t\t\t\t\n\t\t\t\t\t\t\t\t\t<\/div>\n\t\t\t\t\t\t<\/div>\n\t\t\t\t<\/div>\n\t\t\t\t<\/div>\n\t\t<div class=\"elementor-element elementor-element-4373fb5 e-con-full e-flex e-con e-parent\" data-id=\"4373fb5\" data-element_type=\"container\">\n\t\t\t\t<div class=\"elementor-element elementor-element-0dac1af elementor-widget-divider--separator-type-pattern elementor-widget-divider--no-spacing elementor-widget-divider--view-line elementor-widget elementor-widget-divider\" data-id=\"0dac1af\" data-element_type=\"widget\" data-widget_type=\"divider.default\">\n\t\t\t\t\t\t\t<div class=\"elementor-divider\" style=\"--divider-pattern-url: url(&quot;data:image\/svg+xml,%3Csvg xmlns=&#039;http:\/\/www.w3.org\/2000\/svg&#039; preserveAspectRatio=&#039;none&#039; overflow=&#039;visible&#039; height=&#039;100%&#039; viewBox=&#039;0 0 24 24&#039; fill=&#039;black&#039; stroke=&#039;none&#039;%3E%3Cpath d=&#039;M24,8v12H0V8H24z M24,4v1H0V4H24z&#039;\/%3E%3C\/svg%3E&quot;);\">\n\t\t\t<span class=\"elementor-divider-separator\">\n\t\t\t\t\t\t<\/span>\n\t\t<\/div>\n\t\t\t\t\t\t<\/div>\n\t\t\t\t<\/div>\n\t\t\t\t<\/div>\n\t\t","protected":false},"excerpt":{"rendered":"<p>ACERCA DE LA REVISTA ISSN Digital 2413-1067 ISSN Impreso 2412-8058 Direcci\u00f3n de Medicina Forense, Ministerio P\u00fablico de Honduras; Col. Quezada, atr\u00e1s de la Facultad de Ciencias Medicas de la UNAH. La Revista de Ciencias Forenses de Honduras (RCFH) es el \u00f3rgano de difusi\u00f3n t\u00e9cnico-cient\u00edfico de la Direcci\u00f3n de Medicina Forense del Ministerio P\u00fablico de Honduras; [&hellip;]<\/p>\n","protected":false},"author":2,"featured_media":0,"parent":0,"menu_order":0,"comment_status":"closed","ping_status":"closed","template":"","meta":{"footnotes":""},"class_list":["post-1168","page","type-page","status-publish","hentry"],"_links":{"self":[{"href":"https:\/\/rfch.bvs.hn\/index.php?rest_route=\/wp\/v2\/pages\/1168","targetHints":{"allow":["GET"]}}],"collection":[{"href":"https:\/\/rfch.bvs.hn\/index.php?rest_route=\/wp\/v2\/pages"}],"about":[{"href":"https:\/\/rfch.bvs.hn\/index.php?rest_route=\/wp\/v2\/types\/page"}],"author":[{"embeddable":true,"href":"https:\/\/rfch.bvs.hn\/index.php?rest_route=\/wp\/v2\/users\/2"}],"replies":[{"embeddable":true,"href":"https:\/\/rfch.bvs.hn\/index.php?rest_route=%2Fwp%2Fv2%2Fcomments&post=1168"}],"version-history":[{"count":138,"href":"https:\/\/rfch.bvs.hn\/index.php?rest_route=\/wp\/v2\/pages\/1168\/revisions"}],"predecessor-version":[{"id":1605,"href":"https:\/\/rfch.bvs.hn\/index.php?rest_route=\/wp\/v2\/pages\/1168\/revisions\/1605"}],"wp:attachment":[{"href":"https:\/\/rfch.bvs.hn\/index.php?rest_route=%2Fwp%2Fv2%2Fmedia&parent=1168"}],"curies":[{"name":"wp","href":"https:\/\/api.w.org\/{rel}","templated":true}]}}